{"id":27,"date":"2023-01-10T19:36:12","date_gmt":"2023-01-10T19:36:12","guid":{"rendered":"https:\/\/fitndance.ch\/?page_id=27"},"modified":"2025-01-12T21:46:07","modified_gmt":"2025-01-12T21:46:07","slug":"page","status":"publish","type":"page","link":"https:\/\/fitndance.ch\/","title":{"rendered":"fit n\u2018 dance"},"content":{"rendered":"<div class=\"\" style=\"\" >\n    \n    <section class=\"u-clearfix u-custom-color-1 u-section-2\" id=\"sec-cce9\">\n      <div class=\"u-clearfix u-sheet u-valign-bottom u-sheet-1\">\n        <img decoding=\"async\" src=\"https:\/\/fitndance.ch\/wp-content\/uploads\/2023\/02\/Logonew.png\" alt=\"\" class=\"u-image u-image-default u-image-1\" data-image-width=\"1140\" data-image-height=\"766\">\n      <\/div>\n    <\/section>\n    <section class=\"u-clearfix u-image u-section-3\" id=\"sec-5187\" data-image-width=\"1651\" data-image-height=\"1171\" style=\"background-image: url(&quot;https:\/\/fitndance.ch\/wp-content\/uploads\/2023\/01\/IMG-20210420-WA0049_.jpg&quot;);\">\n      <div class=\"u-clearfix u-sheet u-sheet-1\">\n        <h1 class=\"u-align-center u-custom-font u-text u-text-1\" data-animation-name=\"zoomIn\" data-animation-duration=\"1250\" data-animation-delay=\"0\" data-animation-direction=\"\">Mit Tanz und Bewegung zu einem besseren K\u00f6rpergef\u00fchl<\/h1>\n        <div class=\"u-gradient u-radius-50 u-shape u-shape-round u-shape-1\" data-animation-name=\"slideIn\" data-animation-duration=\"1000\" data-animation-delay=\"0\" data-animation-direction=\"Left\"><\/div>\n        <img decoding=\"async\" src=\"https:\/\/fitndance.ch\/wp-content\/uploads\/2023\/02\/kisspng-computer-icons-symbol-download-encapsulated-postsc-down-arrow-5acb32a2707213.4662790715232662104606.png\" alt=\"\" class=\"u-image u-image-default u-preserve-proportions u-image-1\" data-image-width=\"512\" data-image-height=\"512\" data-href=\"#sec-c111\" title=\"Block 3 (Bodytoning)\">\n      <\/div>\n    <\/section>\n    <section class=\"skrollable u-align-center u-clearfix u-container-align-center u-image u-parallax u-section-4\" id=\"sec-c111\" data-image-width=\"2560\" data-image-height=\"1707\" style=\"background-image: url(&quot;https:\/\/fitndance.ch\/wp-content\/uploads\/2023\/01\/beach-sea-coast-water-nature-ocean-1159425-pxhere.com_-scaled.jpeg&quot;);\">\n      <div class=\"u-clearfix u-sheet u-valign-middle-xs u-sheet-1\">\n        <h2 class=\"u-text u-text-white u-text-1\">Angebote<\/h2>\n        <div class=\"u-expanded-width u-list u-list-1\">\n          <div class=\"u-repeater u-repeater-1\">\n            <div class=\"u-align-center u-container-align-center u-container-style u-list-item u-opacity u-opacity-40 u-palette-1-base u-repeater-item u-list-item-1\" data-animation-name=\"flipIn\" data-animation-duration=\"1500\" data-animation-delay=\"0\" data-animation-direction=\"Y\">\n              <div class=\"u-container-layout u-similar-container u-container-layout-1\">\n                <h3 class=\"u-align-center u-custom-font u-text u-text-font u-text-2\">Bodytoning<\/h3>\n                <p class=\"u-align-center u-text u-text-3\">Bodytoning ist ein Ganzk\u00f6rpertraining, dessen Fokus\nhaupts\u00e4chlich auf Kr\u00e4ftigung und Ausdauer liegt. Mit gezielten \u00dcbungen formt\nund definiert es deinen K\u00f6rper und bringt \u00fcbersch\u00fcssiges Fett zum Schmelzen.&nbsp; &nbsp;<br>\n                <\/p>\n              <\/div>\n            <\/div>\n            <div class=\"u-container-style u-list-item u-opacity u-opacity-40 u-palette-1-base u-repeater-item u-list-item-2\" data-animation-name=\"flipIn\" data-animation-duration=\"1500\" data-animation-delay=\"0\" data-animation-direction=\"Y\">\n              <div class=\"u-container-layout u-similar-container u-container-layout-2\">\n                <h3 class=\"u-align-center u-custom-font u-text u-text-font u-text-4\">Dancefit<\/h3>\n                <p class=\"u-align-center u-text u-text-5\"> Zu peppiger Musik erlernst du Schritt f\u00fcr Schritt tolle\nChoreographien, welche Elemente aus dem Aerodance, Jazz, Hip Hop und Latin-Dance\nenthalten. Aber nicht nur das Tanzen zeichnet das Dancefit aus. Auch\nKr\u00e4ftigungs\u00fcbungen finden ihren Weg in dieses schweisstreibende und\nspassbringende Training.&nbsp;<\/p>\n              <\/div>\n            <\/div>\n            <div class=\"u-align-center u-container-align-center u-container-style u-list-item u-opacity u-opacity-40 u-palette-1-base u-repeater-item u-list-item-3\" data-animation-name=\"flipIn\" data-animation-duration=\"1500\" data-animation-delay=\"0\" data-animation-direction=\"Y\">\n              <div class=\"u-container-layout u-similar-container u-container-layout-3\">\n                <h3 class=\"u-align-center u-custom-font u-text u-text-font u-text-6\">Barre\nconcept<\/h3>\n                <p class=\"u-align-center u-text u-text-7\">&nbsp; barre concept\u00ae ist das neue Workout an der Ballettstange mit\nElementen aus dem Ballett,&nbsp;<a href=\"https:\/\/www.ifaa.de\/ausbildungen\/uebersicht\/pilates-grundlagen-mattentraining-1\/\" class=\"u-btn u-button-link u-button-style u-text-white u-btn-1\">Pilates<\/a>,<a href=\"https:\/\/www.ifaa.de\/ausbildungen\/uebersicht\/vinyasa-power-yoga-basic\/\" class=\"u-btn u-button-link u-button-style u-text-white u-btn-2\">Yoga<\/a>&nbsp; und\nGewichtstraining. Dieses spezielle Ganzk\u00f6rpertraining verbrennt K\u00f6rperfett mit\ngezieltem Muskelaufbau. Arme, Beine, Bauch und Po werden gestrafft und sehen\nnach kurzer Zeit trainiert und athletisch aus \u2013 ein schneller und erfolgreicher\nWeg, um den K\u00f6rper zu ver\u00e4ndern.&nbsp; &nbsp;<br>\n                <\/p>\n              <\/div>\n            <\/div>\n            <div class=\"u-align-center u-container-align-center u-container-style u-list-item u-opacity u-opacity-40 u-palette-1-base u-repeater-item u-list-item-4\" data-animation-name=\"flipIn\" data-animation-duration=\"1500\" data-animation-delay=\"0\" data-animation-direction=\"Y\">\n              <div class=\"u-container-layout u-similar-container u-container-layout-4\">\n                <h3 class=\"u-align-center u-custom-font u-text u-text-font u-text-8\">Stretching<\/h3>\n                <p class=\"u-align-center u-text u-text-9\">&nbsp; Du hast einen B\u00fcrojob und verbringst den ganzen Tag vor dem\nComputer? Dann kann ich dir das Stretching w\u00e4rmstens empfehlen. Im Stretching\nwerden u.a diejenigen Muskeln gedehnt, welche im Alltag h\u00e4ufig verk\u00fcrzen und einer\nDehnung dringend bed\u00fcrfen. Langfristig wird die Beweglichkeit von Gelenken,\nSehnen und B\u00e4ndern verbessert. .&nbsp;&nbsp;<br>\n                <\/p>\n              <\/div>\n            <\/div>\n            <div class=\"u-align-center u-container-align-center u-container-style u-list-item u-opacity u-opacity-40 u-palette-1-base u-repeater-item u-list-item-5\" data-animation-name=\"flipIn\" data-animation-duration=\"1500\" data-animation-delay=\"0\" data-animation-direction=\"Y\">\n              <div class=\"u-container-layout u-similar-container u-container-layout-5\">\n                <h3 class=\"u-align-center u-custom-font u-text u-text-font u-text-10\"> Smart Abs <\/h3>\n                <p class=\"u-align-center u-text u-text-11\"> smartAbs ist ein 30-min\u00fctiges Group Fitness Format und\nbasiert auf strukturierten \u00dcbungsabfolgen in welchen Kraft &amp; Koordination\nf\u00fcr den Bauch- und Core-Bereich trainiert wird. Das Training besteht aus\n\u00dcbungssequenzen, welche jeweils aus 3 \u00dcbungen bestehen.&nbsp;<br>\n                <\/p>\n              <\/div>\n            <\/div>\n          <\/div>\n        <\/div>\n        <img decoding=\"async\" src=\"https:\/\/fitndance.ch\/wp-content\/uploads\/2023\/02\/kisspng-computer-icons-symbol-download-encapsulated-postsc-down-arrow-5acb32a2707213.4662790715232662104606.png\" alt=\"\" class=\"u-image u-image-default u-preserve-proportions u-image-1\" data-image-width=\"512\" data-image-height=\"512\" data-href=\"#sec-1a6a\" title=\"Block 3 (Bodytoning)\">\n      <\/div>\n    <\/section>\n    <section class=\"u-clearfix u-custom-color-1 u-section-5\" id=\"sec-75d3\">\n      <div class=\"u-clearfix u-sheet u-sheet-1\">\n        <h3 class=\"u-text u-text-default u-text-1\">Aktuelle Termine und weitere Infos findest Du auf:&nbsp;<\/h3>\n        <div class=\"u-align-left u-social-icons u-spacing-10 u-social-icons-1\">\n          <a class=\"u-social-url\" title=\"instagram\" target=\"_blank\" href=\"https:\/\/www.instagram.com\/fitndancewithannika\/\">\n            <span class=\"u-icon u-social-icon u-social-instagram u-icon-1\">\n              <svg class=\"u-svg-link\" preserveAspectRatio=\"xMidYMin slice\" viewBox=\"0 0 112 112\" style=\"\"><use xlink:href=\"#svg-e23b\"><\/use><\/svg>\n              <svg class=\"u-svg-content\" viewBox=\"0 0 112 112\" x=\"0\" y=\"0\" id=\"svg-e23b\"><circle fill=\"currentColor\" cx=\"56.1\" cy=\"56.1\" r=\"55\"><\/circle><path fill=\"#FFFFFF\" d=\"M55.9,38.2c-9.9,0-17.9,8-17.9,17.9C38,66,46,74,55.9,74c9.9,0,17.9-8,17.9-17.9C73.8,46.2,65.8,38.2,55.9,38.2\n      z M55.9,66.4c-5.7,0-10.3-4.6-10.3-10.3c-0.1-5.7,4.6-10.3,10.3-10.3c5.7,0,10.3,4.6,10.3,10.3C66.2,61.8,61.6,66.4,55.9,66.4z\"><\/path><path fill=\"#FFFFFF\" d=\"M74.3,33.5c-2.3,0-4.2,1.9-4.2,4.2s1.9,4.2,4.2,4.2s4.2-1.9,4.2-4.2S76.6,33.5,74.3,33.5z\"><\/path><path fill=\"#FFFFFF\" d=\"M73.1,21.3H38.6c-9.7,0-17.5,7.9-17.5,17.5v34.5c0,9.7,7.9,17.6,17.5,17.6h34.5c9.7,0,17.5-7.9,17.5-17.5V38.8\n      C90.6,29.1,82.7,21.3,73.1,21.3z M83,73.3c0,5.5-4.5,9.9-9.9,9.9H38.6c-5.5,0-9.9-4.5-9.9-9.9V38.8c0-5.5,4.5-9.9,9.9-9.9h34.5\n      c5.5,0,9.9,4.5,9.9,9.9V73.3z\"><\/path><\/svg>\n            <\/span>\n          <\/a>\n        <\/div>\n        <img decoding=\"async\" src=\"https:\/\/fitndance.ch\/wp-content\/uploads\/2023\/02\/kisspng-computer-icons-symbol-download-encapsulated-postsc-down-arrow-5acb32a2707213.4662790715232662104606.png\" alt=\"\" class=\"u-image u-image-default u-preserve-proportions u-image-1\" data-image-width=\"512\" data-image-height=\"512\" data-href=\"#sec-1a6a\" title=\"Block 3 (Bodytoning)\">\n      <\/div>\n    <\/section>\n    <section class=\"u-clearfix u-custom-color-12 u-section-6\" id=\"sec-1a6a\">\n      <div class=\"u-clearfix u-sheet u-sheet-1\">\n        <div class=\"fr-view u-align-center u-clearfix u-rich-text u-text u-text-1\">\n          <h1 style=\"text-align: center;\">\n            <span class=\"u-text-black\" style=\"font-size: 3rem;\">\u00dcber mich<\/span>\n          <\/h1>\n          <p>\n            <span style=\"font-size: 1.5rem;\">\n              <span class=\"u-text-grey-90\">Annika Fernandez-Quack<\/span>\n            <\/span>\n          <\/p>\n          <p style=\"text-align: center;\">\n            <span style=\"font-size: 1.25rem;\">\n              <br>\n            <\/span>\n          <\/p>\n          <p style=\"text-align: center;\">\n            <br>\n          <\/p>\n          <p style=\"text-align: center;\">\n            <br>\n          <\/p>\n        <\/div>\n        <p class=\"fr-view u-align-center u-clearfix u-text u-text-grey-90 u-text-2\" data-animation-name=\"\" data-animation-duration=\"0\" data-animation-delay=\"0\" data-animation-direction=\"\"> Ich liebe es, Menschen mit meiner Begeisterung f\u00fcr Tanz und Bewegung anzustecken und diesen zu einem besseren K\u00f6rpergef\u00fchl zu verhelfen. Mein Ziel ist es meinen Teilnehmern die M\u00f6glichkeit zu geben, den Alltag zu vergessen und sich von der Musik und den Bewegungen mitreissen zu lassen.<br>\n          <br>In meinen Stunden ist jede\/r willkommen, egal wie viel oder wie wenig Erfahrung man schon mitbringt. Es ist mir wichtig, dass sich jeder Teilnehmer wohlf\u00fchlt und optimal von meinen Stunden profitiert.\n        <\/p>\n        <img decoding=\"async\" class=\"u-image u-image-default u-image-1\" src=\"https:\/\/fitndance.ch\/wp-content\/uploads\/2025\/01\/Annika250201-scaled.jpg\" alt=\"\" data-image-width=\"3648\" data-image-height=\"5472\">\n        <div class=\"fr-view u-align-center u-clearfix u-rich-text u-text u-text-3\">\n          <p>\n            <span style=\"font-size: 1.125rem;\">\n              <span class=\"u-text-grey-90\">Tanz und Bewegung geh\u00f6ren schon seit meiner Kindheit zu den wichtigsten Dingen meines Lebens. Als Tochter der Gr\u00fcnderin und ehemaligen Besitzerin des Body&amp;More in Jona, einer Tanz- und Bewegungsschule bin ich schon fr\u00fch mit dem Tanzen in Kontakt gekommen<\/span>\n            <\/span>\n            <span style=\"font-size: 1.125rem;\">\n              <span class=\"u-text-grey-90\">. Mit 2.5 Jahren begann ich mit rhythmischem Vorballett, dann folgten klassische Ballettstunden, Hip Hop, Jazzdance, Modern Dance, Aerodance etc. Ich absolvierte Pr\u00fcfungen, Ausbildungen und Weiterbildungen <span>in&nbsp;<\/span>\n              <\/span>\n            <\/span>\n            <span class=\"u-text-black\" style=\"font-size: 1.125rem;\">verschiedenen<\/span>\n            <span style=\"font-size: 1.125rem;\">\n              <span class=\"u-text-grey-90\">\n                <span>&nbsp;Tanzric<\/span>htungen. Mit 19 Jahren entschloss ich mich die Group Fitness Instructor Ausbildung bei der star education in Z\u00fcrich zu machen, um mich auch im Fitnessbereich weiterzubilden. Ich besuchte diverse Aus- und Weiterbildungen in den Bereichen Bodytoning, Bauch Beine Po, barre concept \u00ae, smartAbs etc., begann zuerst mit Aushilfsstunden und \u00fcbernahm dann auch eigene Stunden in Fitnessstudios und Tanzschulen.\n              <\/span>\n            <\/span>\n          <\/p>\n          <p>\n            <span class=\"u-text-grey-90\">\n              <span style=\"font-size: 1.125rem;\">\n                <br style=\"box-sizing: border-box; -webkit-user-drag: element !important; user-select: text !important; outline: 0px !important; cursor: text !important; pointer-events: auto !important;\">\n              <\/span>\n            <\/span>\n          <\/p>\n          <p>\n            <span class=\"u-text-grey-90\">\n              <span style=\"font-size: 1.125rem; font-weight: 700;\">Lass dich begeistern \u2013 ich freue mich \u00fcber deine Nachricht.<\/span>\n            <\/span>\n          <\/p>\n          <p>\n            <span style=\"font-size: 1.125rem;\">\n              <span class=\"u-text-grey-90\">Annika Fernandez-Quack<\/span>\n            <\/span>\n          <\/p>\n          <p style=\"text-align: center;\">\n            <br>\n          <\/p>\n          <p style=\"text-align: center;\">\n            <br>\n          <\/p>\n        <\/div>\n        <img decoding=\"async\" src=\"https:\/\/fitndance.ch\/wp-content\/uploads\/2023\/02\/kisspng-computer-icons-symbol-download-encapsulated-postsc-down-arrow-5acb32a2707213.4662790715232662104606.png\" alt=\"\" class=\"u-image u-image-default u-preserve-proportions u-image-2\" data-image-width=\"512\" data-image-height=\"512\" data-href=\"#sec-69c0\" title=\"Block 3 (Bodytoning)\">\n      <\/div>\n    <\/section>\n    <section class=\"u-clearfix u-custom-color-13 u-section-7\" id=\"sec-69c0\">\n      <div class=\"u-clearfix u-sheet u-sheet-1\">\n        <h1 class=\"u-align-center u-text u-text-1\">Kommentare<\/h1>\n        <p class=\"u-text u-text-grey-90 u-text-2\">\n          <span class=\"u-text-body-alt-color\">\"Bei Dancefit trainiere ich K\u00f6rper und Geist. Dance- fordert meinen Geist mich an die Choreographie zu erinnern, gleichzeitig geniesse ich das Tanzfeeling! -fit bringt mich zum Schwitzen und Keuchen! Der Spass dabei und die Anfeuerungen durch Annika sind Motivation pur, dass ich couchepatato mich immer wieder auf Dancefit freue.\"<\/span>\n          <br>\n          <span class=\"u-text-body-alt-color\">&nbsp;-Maria, Dancefit Teilnehmerin-<\/span>\n        <\/p>\n        <p class=\"u-text u-text-body-alt-color u-text-3\">\"Dancefit: e Verbindig us Spass, Koordination und Fitness, wo K\u00f6rper und Geist extrem guet tuet - Jedi Wuche e Useforderig und en Ufsteller!&nbsp;<br>- Christina, Dancefit Teilnehmerin\n        <\/p>\n        <img decoding=\"async\" src=\"https:\/\/fitndance.ch\/wp-content\/uploads\/2023\/02\/IMG-20210420-WA0150_.png\" alt=\"\" class=\"u-image u-image-default u-image-1\" data-image-width=\"1170\" data-image-height=\"1336\" data-animation-name=\"slideIn\" data-animation-duration=\"1250\" data-animation-delay=\"0\" data-animation-direction=\"Right\">\n        <p class=\"u-text u-text-body-alt-color u-text-4\">\"Du hesch dehei ellei kei Motivation &amp; Durchhalteverm\u00f6ge? Den bisch da genau richtig! Imne chline Gr\u00fcppli es intensivs, effizients und motivierends Training, wo du is schwitze chunnsch, dich naher aber umso besser f\u00fchlsch!\"<br>- Carmen, Bodytoning Teilnehmerin<br>\n        <\/p>\n        <p class=\"u-text u-text-5\"> \"Das Body Toning bei Annika ist abwechslungsreich, intensiv und macht super viel Spass. Ihre motivierende und positive Ausstrahlung steckt an und macht Lust auf mehr\"<br>- Fatlinda, Bodytoning Teilnehmerin<br>\n        <\/p>\n        <p class=\"u-text u-text-6\">\u00abAnnika motiviert mit ihrer guten Laune und hat ein gutes Fachwissen, um die korrekte Ausf\u00fchrung der \u00dcbungen sicherzustellen.\u00bb - Ramona, Bodytoning Teilnehmerin<\/p>\n        <p class=\"u-text u-text-7\">\u00abGenau das wo i gern mach, \u00e4n riese Ufsteller!! Coole Musik und Schritt, guet erkl\u00e4rt, \u00e4s isch en Hit!!.\u00bb - Bettina, Dancefit Special Teilnehmerin<\/p>\n        <p class=\"u-text u-text-8\">\u00abIch freue mich jedes Mal sehr auf die Dancefit Stunde mit Annika. Die Fitness, wie auch der Geist werden w\u00e4hrend der gesamten Stunde gefordert. Die Choreographien werden Schritt f\u00fcr Schritt und mit viel Ruhe erkl\u00e4rt. Annika geht auf Fragen der Teilnehmenden ein und motiviert mit ihrer fr\u00f6hlichen Art w\u00e4hrend der gesamten Stunde, um das Beste aus den Teilnehmenden zu holen. Annika ist mit Herz und Freude dabei. Nach jeder Stunde f\u00fchle ich mich super und bin ausgepowert. Ich kann die Stunde von ganzem Herzen weiterempfehlen.\u00bb - Ramona, Dancefit Special Teilnehmerin<\/p>\n        <p class=\"u-text u-text-9\">\u00abDe Annika ihri Dancefit Stund isch f\u00fcr mich es Workout f\u00fcr Alles. Es macht mega Spass und ich chan min K\u00f6rper zu toller Musik bewege. D\u2019Annika erkl\u00e4rt und zeigt d Schritt sehr guet. Ihri Choreographie sind sch\u00f6n ufbaut und l\u00e4ssig zum nachetanze.\u00bb - Nancy, Dancefit Special Teilnehmerin<\/p>\n        <img decoding=\"async\" src=\"https:\/\/fitndance.ch\/wp-content\/uploads\/2023\/02\/kisspng-computer-icons-symbol-download-encapsulated-postsc-down-arrow-5acb32a2707213.4662790715232662104606.png\" alt=\"\" class=\"u-image u-image-default u-preserve-proportions u-image-2\" data-image-width=\"512\" data-image-height=\"512\" data-href=\"#sec-6318\" title=\"Block 3 (Bodytoning)\">\n      <\/div>\n    <\/section>\n    <section class=\"skrollable u-clearfix u-image u-parallax u-section-8\" id=\"sec-6318\" data-image-width=\"2560\" data-image-height=\"1707\" style=\"background-image: url(&quot;https:\/\/fitndance.ch\/wp-content\/uploads\/2023\/01\/beach-sea-coast-water-nature-ocean-1159425-pxhere.com_-scaled.jpeg&quot;);\">\n      <div class=\"u-clearfix u-sheet u-valign-middle-lg u-valign-middle-md u-valign-middle-sm u-valign-middle-xl u-sheet-1\">\n        <div class=\"u-expanded-width-lg u-expanded-width-md u-expanded-width-sm u-expanded-width-xs u-opacity u-opacity-40 u-shape u-shape-svg u-text-palette-1-base u-shape-1\">\n          <svg class=\"u-svg-link\" preserveAspectRatio=\"none\" viewBox=\"0 0 160 160\" style=\"\"><use xlink:href=\"#svg-6b3f\"><\/use><\/svg>\n          <svg class=\"u-svg-content\" viewBox=\"0 0 160 160\" x=\"0px\" y=\"0px\" id=\"svg-6b3f\"><path d=\"M160,0v160H0V0H160z\"><\/path><\/svg>\n        <\/div>\n        <div class=\"u-expanded-width-xs u-form u-form-1\">\n                  <script>\n            function onSuccess(event) {\n                if (typeof window.serviceRequest !== 'undefined') {\n                    window.serviceRequest(jQuery(this).find('form'));\n                }\n                var msgContainer = jQuery(event.currentTarget).find('.wpcf7-response-output');\n                msgContainer.removeClass('u-form-send-error').addClass('u-form-send-message u-form-send-success');\n                msgContainer.show();\n                var redirectAddress = jQuery(event.currentTarget).find('[redirect-address]').attr('redirect-address');\n                if (redirectAddress) {\n                    setTimeout(function () {\n                        location.replace(redirectAddress);\n                    }, 2000);\n                }\n            }\n            function onError(event) {\n                var msgContainer = jQuery(event.currentTarget).find('.wpcf7-response-output');\n                msgContainer.removeClass('u-form-send-success').addClass('u-form-send-message u-form-send-error');\n                msgContainer.show();\n            }\n\n            jQuery('body')\n                .on('wpcf7mailsent',   '.u-form .wpcf7', onSuccess)\n                .on('wpcf7invalid',    '.u-form .wpcf7', onError)\n                .on('wpcf7:unaccepted', '.u-form .wpcf7', onError)\n                .on('wpcf7spam',       '.u-form .wpcf7', onError)\n                .on('wpcf7:aborted',    '.u-form .wpcf7', onError)\n                .on('wpcf7mailfailed', '.u-form .wpcf7', onError);\n        <\/script>\n        <style>\n            .u-form .wpcf7-response-output {\n                \/*position: relative !important;*\/\n                margin: 0 !important;\n                bottom: -70px!important;\n            }\n            .u-form .wpcf7 .ajax-loader {\n                margin-left: -24px;\n                margin-right: 0;\n            }\n        <\/style>\n\n<div class=\"wpcf7 no-js\" id=\"wpcf7-f57-o1\" lang=\"de-DE\" dir=\"ltr\" data-wpcf7-id=\"57\">\n<div class=\"screen-reader-response\"><p role=\"status\" aria-live=\"polite\" aria-atomic=\"true\"><\/p> <ul><\/ul><\/div>\n<form style=\"padding: 23px;\" action=\"\/index.php?rest_route=%2Fwp%2Fv2%2Fpages%2F27#wpcf7-f57-o1\" method=\"post\" class=\"wpcf7-form init u-clearfix u-form-spacing-10 u-form-vertical u-inner-form u-form-custom-backend\" aria-label=\"Kontaktformular\" novalidate=\"novalidate\" data-status=\"init\">\n<fieldset class=\"hidden-fields-container\"><input type=\"hidden\" name=\"_wpcf7\" value=\"57\" \/><input type=\"hidden\" name=\"_wpcf7_version\" value=\"6.1.4\" \/><input type=\"hidden\" name=\"_wpcf7_locale\" value=\"de_DE\" \/><input type=\"hidden\" name=\"_wpcf7_unit_tag\" value=\"wpcf7-f57-o1\" \/><input type=\"hidden\" name=\"_wpcf7_container_post\" value=\"0\" \/><input type=\"hidden\" name=\"_wpcf7_posted_data_hash\" value=\"\" \/><input type=\"hidden\" name=\"_wpcf7_recaptcha_response\" value=\"\" \/>\n<\/fieldset>\n\n            <div class=\"u-form-group wpcf7-form-control-wrap u-form-name\">\n              <label for=\"name-f92a\" class=\"u-form-control-hidden u-label\">Name<\/label>\n              <input type=\"text\" placeholder=\"Geben Sie Ihren Namen ein\" id=\"name-f92a\" name=\"name1\" class=\"u-input wpcf7-form-control u-input-rectangle u-input-1\" required=\"\">\n            <\/div>\n            <div class=\"u-form-email u-form-group wpcf7-form-control-wrap\">\n              <label for=\"email-f92a\" class=\"u-form-control-hidden u-label\">E-Mail<\/label>\n              <input type=\"email\" placeholder=\"Geben Sie eine g\u00fcltige E-Mail-Adresse an\" id=\"email-f92a\" name=\"email\" class=\"u-input wpcf7-form-control u-input-rectangle u-input-2\" required=\"\">\n            <\/div>\n            <div class=\"u-form-group wpcf7-form-control-wrap u-form-message\">\n              <label for=\"message-f92a\" class=\"u-form-control-hidden u-label\">Nachricht<\/label>\n              <textarea placeholder=\"Geben Sie Ihre Nachricht ein\" rows=\"4\" cols=\"50\" id=\"message-f92a\" name=\"message\" class=\"u-input wpcf7-form-control u-input-rectangle u-input-3\" required=\"\"><\/textarea>\n            <\/div>\n            <div class=\"u-align-center-xs u-align-left-lg u-align-left-md u-align-left-sm u-align-left-xl u-form-group wpcf7-form-control-wrap u-form-submit wpcf7-form-control\">\n              <a href=\"#\" class=\"u-border-none u-btn u-btn-submit wpcf7-submit u-button-style u-custom-color-1 u-hover-custom-color-7 u-text-black u-btn-1\">absenden<\/a>\n              <input type=\"submit\" value=\"submit\" class=\"u-form-control-hidden\">\n            <\/div>\n            <div class=\"u-form-send-message u-form-send-success\"> Vielen Dank! Ihre Nachricht wurde gesendet. <\/div>\n            <div class=\"u-form-send-error u-form-send-message\"> Ihre Nachricht konnte nicht gesendet werden. Bitte beheben Sie den Fehler und versuchen Sie es erneut. <\/div>\n            <input type=\"hidden\" value=\"\" name=\"recaptchaResponse\">\n          <input type=\"hidden\" name=\"_contact7_backend\" value=\"1\"><p style=\"display: none !important;\" class=\"akismet-fields-container\" data-prefix=\"_wpcf7_ak_\"><label>&#916;<textarea name=\"_wpcf7_ak_hp_textarea\" cols=\"45\" rows=\"8\" maxlength=\"100\"><\/textarea><\/label><input type=\"hidden\" id=\"ak_js_1\" name=\"_wpcf7_ak_js\" value=\"93\"\/><script>document.getElementById( \"ak_js_1\" ).setAttribute( \"value\", ( new Date() ).getTime() );<\/script><\/p><div class=\"wpcf7-response-output\" aria-hidden=\"true\"><\/div>\n<\/form>\n<\/div>\n\n        <\/div>\n        <h1 class=\"u-align-center u-text u-text-white u-text-1\">Hier kannst Du mich erreichen<\/h1>\n        <a href=\"mailto:annika@fitndance.ch?subject=KONTAKT\" class=\"u-border-none u-btn u-button-style u-custom-color-1 u-hover-custom-color-7 u-text-black u-btn-2\">Mail<\/a>\n      <\/div>\n    <\/section>\n    \n    \n    \n  \n<\/div>","protected":false},"excerpt":{"rendered":"<p>Mit Tanz und Bewegung zu einem besseren K\u00f6rpergef\u00fchl Angebote Bodytoning Bodytoning ist ein Ganzk\u00f6rpertraining, dessen Fokus haupts\u00e4chlich auf Kr\u00e4ftigung und Ausdauer liegt. Mit gezielten \u00dcbungen formt und definiert es deinen K\u00f6rper und bringt \u00fcbersch\u00fcssiges Fett zum Schmelzen.&nbsp; &nbsp; Dancefit Zu peppiger Musik erlernst du Schritt f\u00fcr Schritt tolle Choreographien, welche Elemente aus dem Aerodance, Jazz, [&hellip;]<\/p>\n","protected":false},"author":1,"featured_media":0,"parent":0,"menu_order":0,"comment_status":"closed","ping_status":"closed","template":"","meta":{"footnotes":""},"class_list":["post-27","page","type-page","status-publish","hentry"],"_links":{"self":[{"href":"https:\/\/fitndance.ch\/index.php?rest_route=\/wp\/v2\/pages\/27","targetHints":{"allow":["GET"]}}],"collection":[{"href":"https:\/\/fitndance.ch\/index.php?rest_route=\/wp\/v2\/pages"}],"about":[{"href":"https:\/\/fitndance.ch\/index.php?rest_route=\/wp\/v2\/types\/page"}],"author":[{"embeddable":true,"href":"https:\/\/fitndance.ch\/index.php?rest_route=\/wp\/v2\/users\/1"}],"replies":[{"embeddable":true,"href":"https:\/\/fitndance.ch\/index.php?rest_route=%2Fwp%2Fv2%2Fcomments&post=27"}],"version-history":[{"count":55,"href":"https:\/\/fitndance.ch\/index.php?rest_route=\/wp\/v2\/pages\/27\/revisions"}],"predecessor-version":[{"id":133,"href":"https:\/\/fitndance.ch\/index.php?rest_route=\/wp\/v2\/pages\/27\/revisions\/133"}],"wp:attachment":[{"href":"https:\/\/fitndance.ch\/index.php?rest_route=%2Fwp%2Fv2%2Fmedia&parent=27"}],"curies":[{"name":"wp","href":"https:\/\/api.w.org\/{rel}","templated":true}]}}